{"id":60,"date":"2018-05-17T08:02:53","date_gmt":"2018-05-17T06:02:53","guid":{"rendered":"http:\/\/www.msc-desenberg.de\/?page_id=60"},"modified":"2024-06-04T20:26:09","modified_gmt":"2024-06-04T18:26:09","slug":"impressum","status":"publish","type":"page","link":"http:\/\/www.msc-desenberg.de\/?page_id=60","title":{"rendered":"Impressum \/ Datenschutz"},"content":{"rendered":"<h2>Angaben gem\u00e4\u00df \u00a7 5 TMG:<\/h2>\n<p>MSC Desenberg e. V.<br \/>\nHauedaerstr. 61<br \/>\n34414 Daseburg<\/p>\n<h2>Vertreten durch:<\/h2>\n<p>Sascha Emmerich<\/p>\n<h1><strong>Datenschutzerkl\u00e4rung<\/strong><\/h1>\n<p><strong>\u00a0<\/strong><strong><u>Verantwortlich f\u00fcr diese Internetpr\u00e4senz\/Webseite im Sinne der Datenschutzgesetze ist<\/u><\/strong><\/p>\n<p>Der MSC-Desenberg e.V. im ADAC, vertreten durch den 1.Vorsitzenden: Sascha Emmerich.<\/p>\n<ol start=\"2\">\n<li><strong><u>L\u00f6schung Sperrung der Daten<\/u><\/strong><\/li>\n<\/ol>\n<p>Wir halten uns an die Grunds\u00e4tze der Datenvermeidung und Datensparsamkeit.<\/p>\n<ol start=\"3\">\n<li><strong><u>Verwendung von Google Maps<\/u><\/strong><\/li>\n<\/ol>\n<p>Diese Webseite verwendet Google Maps API, \u00a0um geographische\u00a0 Informationen \u00a0visuell darzustellen. \u00a0Bei der Nutzung \u00a0von Google Maps werden von Google \u00a0auch Daten \u00fcber die Nutzung der Kartenfunktionen durch Besucher erhoben, verarbeitet und genutzt. N\u00e4here Informationen \u00fcber die Datenverarbeitung\u00a0 \u00a0durch Google k\u00f6nnen \u00a0Sie den Google- Datenschutzhinweisen entnehmen. \u00a0Dort k\u00f6nnen Sie im Datenschutzcenter auch Ihre pers\u00f6nlichen Datenschutz-Einstellungen ver\u00e4ndern.<\/p>\n<ol start=\"4\">\n<li><strong><u>Ihre Rechte auf Auskunft, <\/u><\/strong><strong><u>Berichtigung<\/u><\/strong><u>, <\/u><strong><u>Sperre, L\u00f6schung und Widerspruch<\/u><\/strong><\/li>\n<\/ol>\n<p>Sie haben das Recht, \u00a0jederzeit \u00a0Auskunft \u00a0\u00fcber Ihre bei uns gespeicherten \u00a0personenbezogenen Daten zu erhalten. Ebenso haben Sie das Recht auf Berichtigung, Sperrung oder, abgesehen von der vorgeschriebenen\u00a0 \u00a0Datenspeicherung\u00a0 \u00a0zur Vereinsabwicklung,\u00a0 L\u00f6schung \u00a0Ihrer personenbezogenen Daten. \u00a0Bitte wenden \u00a0Sie sich hierzu an unsere oben angegebene verantwortliche Person.<\/p>\n<ol start=\"5\">\n<li><strong><u>\u00c4nderung <\/u><\/strong><u><\/u><strong><u>unserer Datenschutzbestimmungen<\/u><\/strong><\/li>\n<\/ol>\n<p>Wir behalten \u00a0uns vor, \u00a0diese Datenschutzerkl\u00e4rung gelegentlich anzupassen, damit sie \u00a0stets \u00a0den aktuellen \u00a0rechtlichen Anforderungen entspricht oder um \u00c4nderungen \u00a0unserer Leistungen in der Datenschutzerkl\u00e4rung umzusetzen, z.B. bei der Einf\u00fchrung neuer \u00a0Services. F\u00fcr Ihren erneuten Besuch gilt dann die neue Datenschutzerkl\u00e4rung.<\/p>\n<h1>Haftungsausschluss (Disclaimer)<\/h1>\n<p><strong>Haftung f\u00fcr Inhalte<\/strong><\/p>\n<p>Als Diensteanbieter sind wir gem\u00e4\u00df \u00a7 7 Abs.1 TMG f\u00fcr eigene Inhalte auf diesen Seiten nach den allgemeinen Gesetzen verantwortlich. Nach \u00a7\u00a7 8 bis 10 TMG sind wir als Diensteanbieter jedoch nicht verpflichtet, \u00fcbermittelte oder gespeicherte fremde Informationen zu \u00fcberwachen oder nach Umst\u00e4nden zu forschen, die auf eine rechtswidrige T\u00e4tigkeit hinweisen. Verpflichtungen zur Entfernung oder Sperrung der Nutzung von Informationen nach den allgemeinen Gesetzen bleiben hiervon unber\u00fchrt. Eine diesbez\u00fcgliche Haftung ist jedoch erst ab dem Zeitpunkt der Kenntnis einer konkreten Rechtsverletzung m\u00f6glich. Bei Bekanntwerden von entsprechenden Rechtsverletzungen werden wir diese Inhalte umgehend entfernen.<\/p>\n<p><strong>Haftung f\u00fcr Links<\/strong><\/p>\n<p>Unser Angebot enth\u00e4lt Links zu externen Webseiten Dritter, auf deren Inhalte wir keinen Einfluss haben. Deshalb k\u00f6nnen wir f\u00fcr diese fremden Inhalte auch keine Gew\u00e4hr \u00fcbernehmen. F\u00fcr die Inhalte der verlinkten Seiten ist stets der jeweilige Anbieter oder Betreiber der Seiten verantwortlich. Die verlinkten Seiten wurden zum Zeitpunkt der Verlinkung auf m\u00f6gliche Rechtsverst\u00f6\u00dfe \u00fcberpr\u00fcft. Rechtswidrige Inhalte waren zum Zeitpunkt der Verlinkung nicht erkennbar. Eine permanente inhaltliche Kontrolle der verlinkten Seiten ist jedoch ohne konkrete Anhaltspunkte einer Rechtsverletzung nicht zumutbar. Bei Bekanntwerden von Rechtsverletzungen werden wir derartige Links umgehend entfernen.<\/p>\n<p><strong>Urheberrecht<\/strong><\/p>\n<p>Die durch die Seitenbetreiber erstellten Inhalte und Werke auf diesen Seiten unterliegen dem deutschen Urheberrecht. Die Vervielf\u00e4ltigung, Bearbeitung, Verbreitung und jede Art der Verwertung au\u00dferhalb der Grenzen des Urheberrechtes bed\u00fcrfen der schriftlichen Zustimmung des jeweiligen Autors bzw. Erstellers. Downloads und Kopien dieser Seite sind nur f\u00fcr den privaten, nicht kommerziellen Gebrauch gestattet. Soweit die Inhalte auf dieser Seite nicht vom Betreiber erstellt wurden, werden die Urheberrechte Dritter beachtet. Insbesondere werden Inhalte Dritter als solche gekennzeichnet. Sollten Sie trotzdem auf eine Urheberrechtsverletzung aufmerksam werden, bitten wir um einen entsprechenden Hinweis. Bei Bekanntwerden von Rechtsverletzungen werden wir derartige Inhalte umgehend entfernen.<\/p>\n<p><em>Quellenangaben: <a href=\"http:\/\/www.e-recht24.de\/muster-disclaimer.html\" target=\"_blank\" rel=\"nofollow noopener\">eRecht24<\/a><\/em><\/p>\n","protected":false},"excerpt":{"rendered":"Angaben gem\u00e4\u00df \u00a7 5 TMG: MSC Desenberg e. V. Hauedaerstr. 61 34414 Daseburg Vertreten durch: Sascha Emmerich Datenschutzerkl\u00e4rung \u00a0Verantwortlich f\u00fcr diese Internetpr\u00e4senz\/Webseite im Sinne der Datenschutzgesetze ist Der MSC-Desenberg e.V. im ADAC, vertreten durch den 1.Vorsitzenden: Sascha Emmerich. L\u00f6schung Sperrung der Daten Wir halten uns an die Grunds\u00e4tze der Datenvermeidung und Datensparsamkeit. Verwendung von Google &hellip; <a href=\"http:\/\/www.msc-desenberg.de\/?page_id=60\" class=\"more-link\"><span class=\"screen-reader-text\">Impressum \/ Datenschutz<\/span> weiterlesen <span class=\"meta-nav\">&rarr;<\/span><\/a>","protected":false},"author":7,"featured_media":0,"parent":0,"menu_order":0,"comment_status":"closed","ping_status":"closed","template":"","meta":[],"_links":{"self":[{"href":"http:\/\/www.msc-desenberg.de\/index.php?rest_route=\/wp\/v2\/pages\/60"}],"collection":[{"href":"http:\/\/www.msc-desenberg.de\/index.php?rest_route=\/wp\/v2\/pages"}],"about":[{"href":"http:\/\/www.msc-desenberg.de\/index.php?rest_route=\/wp\/v2\/types\/page"}],"author":[{"embeddable":true,"href":"http:\/\/www.msc-desenberg.de\/index.php?rest_route=\/wp\/v2\/users\/7"}],"replies":[{"embeddable":true,"href":"http:\/\/www.msc-desenberg.de\/index.php?rest_route=%2Fwp%2Fv2%2Fcomments&post=60"}],"version-history":[{"count":13,"href":"http:\/\/www.msc-desenberg.de\/index.php?rest_route=\/wp\/v2\/pages\/60\/revisions"}],"predecessor-version":[{"id":1586,"href":"http:\/\/www.msc-desenberg.de\/index.php?rest_route=\/wp\/v2\/pages\/60\/revisions\/1586"}],"wp:attachment":[{"href":"http:\/\/www.msc-desenberg.de\/index.php?rest_route=%2Fwp%2Fv2%2Fmedia&parent=60"}],"curies":[{"name":"wp","href":"https:\/\/api.w.org\/{rel}","templated":true}]}}